{"id":1011,"date":"2023-01-31T12:31:03","date_gmt":"2023-01-31T11:31:03","guid":{"rendered":"https:\/\/afropa.org\/?page_id=1011"},"modified":"2023-01-31T12:31:03","modified_gmt":"2023-01-31T11:31:03","slug":"datenschutz","status":"publish","type":"page","link":"https:\/\/afropa.org\/index.php\/datenschutz\/","title":{"rendered":"Datenschutz"},"content":{"rendered":"<p>[et_pb_section fb_built=&#8220;1&#8243; _builder_version=&#8220;4.7.7&#8243; _module_preset=&#8220;default&#8220;][et_pb_row _builder_version=&#8220;4.7.7&#8243; _module_preset=&#8220;default&#8220;][et_pb_column type=&#8220;4_4&#8243; _builder_version=&#8220;4.7.7&#8243; _module_preset=&#8220;default&#8220;][et_pb_text _builder_version=&#8220;4.7.7&#8243; _module_preset=&#8220;default&#8220;]<\/p>\n<h1 style=\"text-align: center;\">Datenschutz<\/h1>\n<p>[\/et_pb_text][\/et_pb_column][\/et_pb_row][et_pb_row _builder_version=&#8220;4.7.7&#8243; _module_preset=&#8220;default&#8220;][et_pb_column type=&#8220;4_4&#8243; _builder_version=&#8220;4.7.7&#8243; _module_preset=&#8220;default&#8220;][et_pb_text _builder_version=&#8220;4.7.7&#8243; _module_preset=&#8220;default&#8220;]<\/p>\n<p style=\"text-align: justify;\">Afropa e.V. \u00fcbernimmt grunds\u00e4tzlich keinerlei Gew\u00e4hr f\u00fcr die Aktualit\u00e4t, Korrektheit, Vollst\u00e4ndigkeit oder Qualit\u00e4t der bereitgestellten Informationen. Dar\u00fcber hinaus sind Haftungsanspr\u00fcche auf solche Sch\u00e4den begrenzt, die nachweislich auf Vorsatz oder grober Fahrl\u00e4ssigkeit seitens Afropa e.V. oder ihrer Handlungs- oder Verrichtungsgehilfen beruhen.<\/p>\n<p style=\"text-align: justify;\">Alle Angebote im Rahmen dieser Seite sind freibleibend und unverbindlich. Afropa e.V. beh\u00e4lt es sich ausdr\u00fccklich vor, jederzeit Teile der Seiten oder das gesamte Angebot ohne gesonderte Ank\u00fcndigung oder Kennzeichnung zu ver\u00e4ndern, zu erg\u00e4nzen, zu l\u00f6schen oder die Ver\u00f6ffentlichung zeitweise oder endg\u00fcltig einzustellen. Afropa e.V. erkl\u00e4rt ausdr\u00fccklich, dass zum Zeitpunkt der Linksetzungen die verkn\u00fcpften Seiten frei von Illegalen Inhalten waren. Afropa e.V. hat keinerlei Einfluss auf die aktuelle und zuk\u00fcnftige Gestaltung sowie die Inhalte der verkn\u00fcpften Seiten.<\/p>\n<p style=\"text-align: justify;\">Deshalb distanziert sich Afropa e.V. ausdr\u00fccklich von allen Inhalten aller verkn\u00fcpften Seiten, die nach der Linksetzung ver\u00e4ndert wurden. Die Feststellung gilt f\u00fcr alle innerhalb des eigenen Internetangebotes gesetzten Links sowie f\u00fcr Fremdeintr\u00e4ge. F\u00fcr illegale, fehlerhafte oder unvollst\u00e4ndige Inhalte und insbesondere f\u00fcr Sch\u00e4den, die aus der Nutzung oder Nichtnutzung solcherart dargebotenen Informationen entstehen, haftet allein der Anbieter der Seite, auf welche verwiesen wurde, nicht derjenige, der \u00fcber Links auf die jeweilige Ver\u00f6ffentlichung lediglich verweist.<\/p>\n<p style=\"text-align: justify;\">Schadensersatzanspr\u00fcche, die aus M\u00e4ngeln in der Verf\u00fcgbarkeit der Site resultieren, sind auf F\u00e4lle grober Fahrl\u00e4ssigkeit und Vorsatz beschr\u00e4nkt. Insbesondere Wartungsarbeiten oder Ausf\u00e4lle au\u00dferhalb des Einflussbereiches der Anbieter berechtigten nicht zu Schadensersatzanspr\u00fcchen. Zudem ist die Schadensersatzverpflichtung auf den vorhersehbaren Schaden begrenzt.<\/p>\n<p>[\/et_pb_text][\/et_pb_column][\/et_pb_row][\/et_pb_section]<\/p>\n","protected":false},"excerpt":{"rendered":"<p>DatenschutzAfropa e.V. \u00fcbernimmt grunds\u00e4tzlich keinerlei Gew\u00e4hr f\u00fcr die Aktualit\u00e4t, Korrektheit, Vollst\u00e4ndigkeit oder Qualit\u00e4t der bereitgestellten Informationen. Dar\u00fcber hinaus sind Haftungsanspr\u00fcche auf solche Sch\u00e4den begrenzt, die nachweislich auf Vorsatz oder grober [&hellip;]<\/p>\n","protected":false},"author":2,"featured_media":657,"parent":0,"menu_order":0,"comment_status":"closed","ping_status":"closed","template":"","meta":{"_et_pb_use_builder":"on","_et_pb_old_content":"","_et_gb_content_width":"","footnotes":""},"class_list":["post-1011","page","type-page","status-publish","has-post-thumbnail","hentry"],"_links":{"self":[{"href":"https:\/\/afropa.org\/index.php\/wp-json\/wp\/v2\/pages\/1011","targetHints":{"allow":["GET"]}}],"collection":[{"href":"https:\/\/afropa.org\/index.php\/wp-json\/wp\/v2\/pages"}],"about":[{"href":"https:\/\/afropa.org\/index.php\/wp-json\/wp\/v2\/types\/page"}],"author":[{"embeddable":true,"href":"https:\/\/afropa.org\/index.php\/wp-json\/wp\/v2\/users\/2"}],"replies":[{"embeddable":true,"href":"https:\/\/afropa.org\/index.php\/wp-json\/wp\/v2\/comments?post=1011"}],"version-history":[{"count":0,"href":"https:\/\/afropa.org\/index.php\/wp-json\/wp\/v2\/pages\/1011\/revisions"}],"wp:featuredmedia":[{"embeddable":true,"href":"https:\/\/afropa.org\/index.php\/wp-json\/"}],"wp:attachment":[{"href":"https:\/\/afropa.org\/index.php\/wp-json\/wp\/v2\/media?parent=1011"}],"curies":[{"name":"wp","href":"https:\/\/api.w.org\/{rel}","templated":true}]}}