{"id":1013,"date":"2023-01-31T12:31:18","date_gmt":"2023-01-31T11:31:18","guid":{"rendered":"https:\/\/afropa.org\/?page_id=1013"},"modified":"2025-06-16T10:58:11","modified_gmt":"2025-06-16T08:58:11","slug":"impressum","status":"publish","type":"page","link":"https:\/\/afropa.org\/index.php\/impressum\/","title":{"rendered":"Impressum"},"content":{"rendered":"<p>[et_pb_section fb_built=&#8220;1&#8243; _builder_version=&#8220;4.16&#8243; _module_preset=&#8220;default&#8220; global_colors_info=&#8220;{}&#8220;][et_pb_row _builder_version=&#8220;4.16&#8243; _module_preset=&#8220;default&#8220; global_colors_info=&#8220;{}&#8220;][et_pb_column type=&#8220;4_4&#8243; _builder_version=&#8220;4.16&#8243; _module_preset=&#8220;default&#8220; global_colors_info=&#8220;{}&#8220;][et_pb_text _builder_version=&#8220;4.16&#8243; _module_preset=&#8220;default&#8220; global_colors_info=&#8220;{}&#8220;]<\/p>\n<h1 style=\"text-align: center;\">Impressum<\/h1>\n<p>[\/et_pb_text][et_pb_text _builder_version=&#8220;4.16&#8243; _module_preset=&#8220;default&#8220; global_colors_info=&#8220;{}&#8220;]<\/p>\n<p><span style=\"font-size: 17px;\"><strong>Anschrift:<\/strong><\/span><\/p>\n<p><strong>Afropa \u2013 Verein f\u00fcr afrikanisch-europ\u00e4ische Verst\u00e4ndigung e.V. \/\u00a0<span style=\"font-size: 17px;\">Postadresse: K\u00f6nigsbr\u00fccker Stra\u00dfe 13, 01099 Dresden<\/span><\/strong><\/p>\n<p><span style=\"font-size: 17px;\">E-Mail: <\/span><a href=\"mailto:Verein@Afropa.org\" style=\"font-size: 17px;\">verein@Afropa.org<\/a><\/p>\n<p><span style=\"font-size: 17px;\">Eingetragener Verein im Amtsgericht Dresden\u00a0unter der Vereinsregisternummer 4377.<\/span><\/p>\n<p><span style=\"font-size: 17px;\"><\/span><\/p>\n<p><span style=\"font-size: 17px;\"><\/span><\/p>\n<p><strong>Spenden und Mitgliedsbeitr\u00e4ge bitte auf folgendes Bankkonto:<\/strong><\/p>\n<p>Afropa e.V. \/ Dresdener Volksbank Reiffeisenbank eG<\/p>\n<p><span style=\"font-size: 17px;\">Konto-Nr.:\u00a03566321008 \/\u00a0<\/span><span style=\"font-size: 17px;\">BLZ:\u00a085090000 \/\u00a0<\/span><span style=\"font-size: 17px;\">IBAN:\u00a0DE78850900003566321008<\/span><\/p>\n<p>&nbsp;<\/p>\n<p><strong>\u00a0\u2013 Abzugsf\u00e4hige Quittungen k\u00f6nnen nach Wunsch ausgestellt werden \u2013<\/strong><\/p>\n<p>Verantwortlich gem\u00e4\u00df 10 Absatz 3 MDStV \/<\/p>\n<p>Emiliano CHAIMITE \/ Mobil: +49 179 4384340 \/ E-Mail: <a href=\"mailto:chaimite@afropa.org\">chaimite@afropa.org<\/a><\/p>\n<p>&nbsp;<\/p>\n<p>[\/et_pb_text][\/et_pb_column][\/et_pb_row][\/et_pb_section]<\/p>\n","protected":false},"excerpt":{"rendered":"<p>ImpressumAnschrift: Afropa \u2013 Verein f\u00fcr afrikanisch-europ\u00e4ische Verst\u00e4ndigung e.V. \/\u00a0Postadresse: K\u00f6nigsbr\u00fccker Stra\u00dfe 13, 01099 Dresden E-Mail: verein@Afropa.org Eingetragener Verein im Amtsgericht Dresden\u00a0unter der Vereinsregisternummer 4377. Spenden und Mitgliedsbeitr\u00e4ge bitte auf folgendes [&hellip;]<\/p>\n","protected":false},"author":2,"featured_media":657,"parent":0,"menu_order":0,"comment_status":"closed","ping_status":"closed","template":"","meta":{"_et_pb_use_builder":"on","_et_pb_old_content":"","_et_gb_content_width":"","footnotes":""},"class_list":["post-1013","page","type-page","status-publish","has-post-thumbnail","hentry"],"_links":{"self":[{"href":"https:\/\/afropa.org\/index.php\/wp-json\/wp\/v2\/pages\/1013","targetHints":{"allow":["GET"]}}],"collection":[{"href":"https:\/\/afropa.org\/index.php\/wp-json\/wp\/v2\/pages"}],"about":[{"href":"https:\/\/afropa.org\/index.php\/wp-json\/wp\/v2\/types\/page"}],"author":[{"embeddable":true,"href":"https:\/\/afropa.org\/index.php\/wp-json\/wp\/v2\/users\/2"}],"replies":[{"embeddable":true,"href":"https:\/\/afropa.org\/index.php\/wp-json\/wp\/v2\/comments?post=1013"}],"version-history":[{"count":2,"href":"https:\/\/afropa.org\/index.php\/wp-json\/wp\/v2\/pages\/1013\/revisions"}],"predecessor-version":[{"id":4187,"href":"https:\/\/afropa.org\/index.php\/wp-json\/wp\/v2\/pages\/1013\/revisions\/4187"}],"wp:featuredmedia":[{"embeddable":true,"href":"https:\/\/afropa.org\/index.php\/wp-json\/"}],"wp:attachment":[{"href":"https:\/\/afropa.org\/index.php\/wp-json\/wp\/v2\/media?parent=1013"}],"curies":[{"name":"wp","href":"https:\/\/api.w.org\/{rel}","templated":true}]}}