{"id":1016,"date":"2023-01-31T12:31:53","date_gmt":"2023-01-31T11:31:53","guid":{"rendered":"https:\/\/afropa.org\/?page_id=1016"},"modified":"2023-01-31T12:31:53","modified_gmt":"2023-01-31T11:31:53","slug":"solidarity-womens-club","status":"publish","type":"page","link":"https:\/\/afropa.org\/index.php\/solidarity-womens-club\/","title":{"rendered":"Solidarity Women\u00b4s Club"},"content":{"rendered":"<p>[et_pb_section fb_built=&#8220;1&#8243; _builder_version=&#8220;4.7.7&#8243; _module_preset=&#8220;default&#8220; background_image=&#8220;https:\/\/afropa.org\/wp-content\/uploads\/2023\/01\/solidarity_women_head_foto-21-300&#215;176.png&#8220; custom_padding=&#8220;150px||192px|||&#8220;][et_pb_row _builder_version=&#8220;4.7.7&#8243; _module_preset=&#8220;default&#8220;][et_pb_column type=&#8220;4_4&#8243; _builder_version=&#8220;4.7.7&#8243; _module_preset=&#8220;default&#8220;][et_pb_text _builder_version=&#8220;4.7.7&#8243; _module_preset=&#8220;default&#8220;]<\/p>\n<h1 style=\"text-align: center;\"><strong><span style=\"color: #ffffff;\">Solidarity Women<\/span><\/strong><\/h1>\n<p>[\/et_pb_text][\/et_pb_column][\/et_pb_row][\/et_pb_section][et_pb_section fb_built=&#8220;1&#8243; specialty=&#8220;on&#8220; _builder_version=&#8220;4.7.7&#8243; _module_preset=&#8220;default&#8220;][et_pb_column type=&#8220;1_2&#8243; _builder_version=&#8220;3.25&#8243; custom_padding=&#8220;|||&#8220; custom_padding__hover=&#8220;|||&#8220;][et_pb_text _builder_version=&#8220;4.7.7&#8243; _module_preset=&#8220;default&#8220;]<\/p>\n<h1 style=\"text-align: center;\">zum Projekt<\/h1>\n<p>[\/et_pb_text][et_pb_text _builder_version=&#8220;4.7.7&#8243; _module_preset=&#8220;default&#8220;]<\/p>\n<div class=\"et_pb_text et_pb_module et_pb_bg_layout_light et_pb_text_align_left  et_pb_text_0\">\n<div class=\"et_pb_text_inner\" style=\"text-align: center;\"><\/div>\n<div class=\"et_pb_text_inner\" style=\"text-align: center;\">Frauenprojekt, das Solidarit\u00e4t, Gemeinschaft, Unterst\u00fctzung, Veranstaltungen, Workshops, Seminare zur Er\u00f6ffnung des Dialogs oder Schulungen zu projektbezogenen und aktuellen Themen f\u00f6rdert.<\/div>\n<div class=\"et_pb_text_inner\" style=\"text-align: center;\"><\/div>\n<div class=\"et_pb_text_inner\" style=\"text-align: center;\"><\/div>\n<\/div>\n<p>[\/et_pb_text][\/et_pb_column][et_pb_column type=&#8220;1_2&#8243; specialty_columns=&#8220;2&#8243; _builder_version=&#8220;3.25&#8243; custom_padding=&#8220;|||&#8220; custom_padding__hover=&#8220;|||&#8220;][et_pb_row_inner _builder_version=&#8220;4.7.7&#8243; _module_preset=&#8220;default&#8220;][et_pb_column_inner saved_specialty_column_type=&#8220;1_2&#8243; _builder_version=&#8220;4.7.7&#8243; _module_preset=&#8220;default&#8220;][et_pb_image src=&#8220;https:\/\/afropa.org\/wp-content\/uploads\/2023\/04\/photo_2023-04-13_11-52-20-300&#215;200.jpg&#8220; title_text=&#8220;photo_2023-04-13_11-52-20&#8243; align=&#8220;center&#8220; _builder_version=&#8220;4.7.7&#8243; _module_preset=&#8220;default&#8220;][\/et_pb_image][\/et_pb_column_inner][\/et_pb_row_inner][\/et_pb_column][\/et_pb_section][et_pb_section fb_built=&#8220;1&#8243; _builder_version=&#8220;4.7.7&#8243; _module_preset=&#8220;default&#8220; custom_margin=&#8220;||3px|||&#8220; custom_padding=&#8220;0px|||||&#8220;][et_pb_row column_structure=&#8220;1_2,1_2&#8243; _builder_version=&#8220;4.7.7&#8243; _module_preset=&#8220;default&#8220;][et_pb_column type=&#8220;1_2&#8243; _builder_version=&#8220;4.7.7&#8243; _module_preset=&#8220;default&#8220;][et_pb_text _builder_version=&#8220;4.7.7&#8243; _module_preset=&#8220;default&#8220; text_font=&#8220;|800|||||||&#8220; text_font_size=&#8220;22px&#8220; transform_translate=&#8220;0px|105px&#8220;]<\/p>\n<h1 style=\"text-align: center;\"><strong>Unser Team<\/strong><\/h1>\n<p>[\/et_pb_text][\/et_pb_column][et_pb_column type=&#8220;1_2&#8243; _builder_version=&#8220;4.7.7&#8243; _module_preset=&#8220;default&#8220;][et_pb_image src=&#8220;https:\/\/afropa.org\/wp-content\/uploads\/2023\/01\/icon-team-300&#215;272.gif&#8220; title_text=&#8220;icon-team&#8220; align=&#8220;center&#8220; _builder_version=&#8220;4.7.7&#8243; _module_preset=&#8220;default&#8220; transform_scale=&#8220;72%|72%&#8220; transform_translate=&#8220;0px|97px&#8220;][\/et_pb_image][\/et_pb_column][\/et_pb_row][et_pb_row column_structure=&#8220;1_3,1_3,1_3&#8243; _builder_version=&#8220;4.7.7&#8243; _module_preset=&#8220;default&#8220;][et_pb_column type=&#8220;1_3&#8243; _builder_version=&#8220;4.7.7&#8243; _module_preset=&#8220;default&#8220;][et_pb_team_member name=&#8220;Flaurita Maffokang &#8220; position=&#8220;Teamleiterin&#8220; _builder_version=&#8220;4.7.7&#8243; _module_preset=&#8220;default&#8220; header_font=&#8220;|700|||||||&#8220; header_text_color=&#8220;#f19c3e&#8220; position_text_color=&#8220;#f19c3e&#8220; position_font_size=&#8220;15px&#8220; text_orientation=&#8220;center&#8220;]<\/p>\n<h6><\/h6>\n<h6>\u260e +49 152 27533908<\/h6>\n<h6><span><a href=\"mailto:maffokang@afropa.org\">maffokang@afropa.org<\/a><\/span><\/h6>\n<h6>womenofcolour@afropa.org<\/h6>\n<p>[\/et_pb_team_member][\/et_pb_column][et_pb_column type=&#8220;1_3&#8243; _builder_version=&#8220;4.7.7&#8243; _module_preset=&#8220;default&#8220;][et_pb_team_member name=&#8220;Mary Gomes&#8220; position=&#8220;Projektassistentin&#8220; _builder_version=&#8220;4.7.7&#8243; _module_preset=&#8220;default&#8220; header_font=&#8220;|700|||||||&#8220; header_text_color=&#8220;#f19c3e&#8220; position_text_color=&#8220;#f19c3e&#8220; position_font_size=&#8220;15px&#8220; text_orientation=&#8220;center&#8220;]<\/p>\n<h6><\/h6>\n<h6>\u260e +49 152 21950914<\/h6>\n<h6>gomes@afropa.org<\/h6>\n<p>[\/et_pb_team_member][\/et_pb_column][et_pb_column type=&#8220;1_3&#8243; _builder_version=&#8220;4.7.7&#8243; _module_preset=&#8220;default&#8220;][et_pb_team_member name=&#8220;Natercia Nhampossa&#8220; position=&#8220;Catering&#8220; _builder_version=&#8220;4.7.7&#8243; _module_preset=&#8220;default&#8220; header_font=&#8220;|700|||||||&#8220; header_text_color=&#8220;#f19c3e&#8220; position_text_color=&#8220;#f19c3e&#8220; position_font_size=&#8220;15px&#8220; text_orientation=&#8220;center&#8220;]<\/p>\n<h6><\/h6>\n<h6>\u260e +49 159 04131566<\/h6>\n<h6>nhampossa@afropa.org<\/h6>\n<p>[\/et_pb_team_member][\/et_pb_column][\/et_pb_row][\/et_pb_section]<\/p>\n","protected":false},"excerpt":{"rendered":"<p>Solidarity Womenzum Projekt Frauenprojekt, das Solidarit\u00e4t, Gemeinschaft, Unterst\u00fctzung, Veranstaltungen, Workshops, Seminare zur Er\u00f6ffnung des Dialogs oder Schulungen zu projektbezogenen und aktuellen Themen f\u00f6rdert. Unser Team \u260e +49 152 27533908 maffokang@afropa.org [&hellip;]<\/p>\n","protected":false},"author":2,"featured_media":657,"parent":0,"menu_order":0,"comment_status":"closed","ping_status":"closed","template":"","meta":{"_et_pb_use_builder":"on","_et_pb_old_content":"","_et_gb_content_width":"","footnotes":""},"class_list":["post-1016","page","type-page","status-publish","has-post-thumbnail","hentry"],"_links":{"self":[{"href":"https:\/\/afropa.org\/index.php\/wp-json\/wp\/v2\/pages\/1016","targetHints":{"allow":["GET"]}}],"collection":[{"href":"https:\/\/afropa.org\/index.php\/wp-json\/wp\/v2\/pages"}],"about":[{"href":"https:\/\/afropa.org\/index.php\/wp-json\/wp\/v2\/types\/page"}],"author":[{"embeddable":true,"href":"https:\/\/afropa.org\/index.php\/wp-json\/wp\/v2\/users\/2"}],"replies":[{"embeddable":true,"href":"https:\/\/afropa.org\/index.php\/wp-json\/wp\/v2\/comments?post=1016"}],"version-history":[{"count":0,"href":"https:\/\/afropa.org\/index.php\/wp-json\/wp\/v2\/pages\/1016\/revisions"}],"wp:featuredmedia":[{"embeddable":true,"href":"https:\/\/afropa.org\/index.php\/wp-json\/"}],"wp:attachment":[{"href":"https:\/\/afropa.org\/index.php\/wp-json\/wp\/v2\/media?parent=1016"}],"curies":[{"name":"wp","href":"https:\/\/api.w.org\/{rel}","templated":true}]}}