{"id":1374,"date":"2023-04-12T11:49:27","date_gmt":"2023-04-12T09:49:27","guid":{"rendered":"https:\/\/afropa.org\/?page_id=1374"},"modified":"2024-06-12T08:35:38","modified_gmt":"2024-06-12T08:35:38","slug":"wasserprojekte-in-uganda","status":"publish","type":"page","link":"https:\/\/afropa.org\/index.php\/wasserprojekte-in-uganda\/","title":{"rendered":"Wasserprojekte in Uganda"},"content":{"rendered":"<p>[et_pb_section fb_built=&#8220;1&#8243; _builder_version=&#8220;4.16&#8243; _module_preset=&#8220;default&#8220; background_image=&#8220;https:\/\/afropa.org\/wp-content\/uploads\/2023\/04\/Uganda-backinghead-24-300&#215;176.png&#8220; custom_padding=&#8220;118px||98px|||&#8220; global_colors_info=&#8220;{}&#8220;][et_pb_row _builder_version=&#8220;4.16&#8243; _module_preset=&#8220;default&#8220; custom_margin=&#8220;|auto|53px|auto||&#8220; global_colors_info=&#8220;{}&#8220;][et_pb_column type=&#8220;4_4&#8243; _builder_version=&#8220;4.16&#8243; _module_preset=&#8220;default&#8220; global_colors_info=&#8220;{}&#8220;][et_pb_text content_tablet=&#8220;&#8220; content_phone=&#8220;<\/p>\n<h1 style=%22text-align: center;%22><strong><span style=%22color: #ffffff;%22>Wasse<\/span><\/strong><strong><span style=%22color: #ffffff;%22>r<\/span><\/strong><\/h1>\n<h1 style=%22text-align: center;%22><strong><span style=%22color: #ffffff;%22>projekte <\/span><\/strong><\/h1>\n<h1 style=%22text-align: center;%22><strong><span style=%22color: #ffffff;%22>in Uganda<\/span><\/strong><\/h1>\n<p>&#8220; content_last_edited=&#8220;on|phone&#8220; _builder_version=&#8220;4.16&#8243; _module_preset=&#8220;default&#8220; text_font=&#8220;||||||||&#8220; transform_scale=&#8220;110%|110%&#8220; transform_scale_tablet=&#8220;&#8220; transform_scale_phone=&#8220;106%|106%&#8220; transform_scale_last_edited=&#8220;on|phone&#8220; transform_translate_tablet=&#8220;&#8220; transform_translate_phone=&#8220;&#8220; transform_translate_last_edited=&#8220;on|phone&#8220; transform_rotate_tablet=&#8220;&#8220; transform_rotate_phone=&#8220;&#8220; transform_rotate_last_edited=&#8220;on|phone&#8220; transform_skew_tablet=&#8220;&#8220; transform_skew_phone=&#8220;&#8220; transform_skew_last_edited=&#8220;on|phone&#8220; transform_origin_tablet=&#8220;&#8220; transform_origin_phone=&#8220;&#8220; transform_origin_last_edited=&#8220;on|phone&#8220; transform_styles_last_edited=&#8220;on|phone&#8220; transform_styles_tablet=&#8220;&#8220; transform_styles_phone=&#8220;&#8220; global_colors_info=&#8220;{}&#8220;]<\/p>\n<h1 style=\"text-align: center;\"><strong><span style=\"color: #ffffff;\">Wasserprojekte <\/span><\/strong><\/h1>\n<h1 style=\"text-align: center;\"><strong><span style=\"color: #ffffff;\">in Uganda<\/span><\/strong><\/h1>\n<p>[\/et_pb_text][\/et_pb_column][\/et_pb_row][\/et_pb_section][et_pb_section fb_built=&#8220;1&#8243; _builder_version=&#8220;4.16&#8243; _module_preset=&#8220;default&#8220; custom_padding=&#8220;||0px|||&#8220; global_colors_info=&#8220;{}&#8220;][et_pb_row _builder_version=&#8220;4.16&#8243; _module_preset=&#8220;default&#8220; custom_padding=&#8220;||0px|||&#8220; global_colors_info=&#8220;{}&#8220;][et_pb_column type=&#8220;4_4&#8243; _builder_version=&#8220;4.16&#8243; _module_preset=&#8220;default&#8220; global_colors_info=&#8220;{}&#8220;][et_pb_text content_tablet=&#8220;&#8220; content_phone=&#8220;<\/p>\n<h4 style=%22text-align: center;%22><strong>Wasserprojekte in Uganda<\/strong><\/h4>\n<p>&#8220; content_last_edited=&#8220;on|phone&#8220; _builder_version=&#8220;4.16&#8243; _module_preset=&#8220;default&#8220; transform_scale_tablet=&#8220;&#8220; transform_scale_phone=&#8220;&#8220; transform_scale_last_edited=&#8220;on|phone&#8220; transform_translate_tablet=&#8220;&#8220; transform_translate_phone=&#8220;&#8220; transform_translate_last_edited=&#8220;on|desktop&#8220; transform_rotate_tablet=&#8220;&#8220; transform_rotate_phone=&#8220;&#8220; transform_rotate_last_edited=&#8220;on|desktop&#8220; transform_skew_tablet=&#8220;&#8220; transform_skew_phone=&#8220;&#8220; transform_skew_last_edited=&#8220;on|desktop&#8220; transform_origin_tablet=&#8220;&#8220; transform_origin_phone=&#8220;&#8220; transform_origin_last_edited=&#8220;on|desktop&#8220; transform_styles_last_edited=&#8220;on|phone&#8220; transform_styles_tablet=&#8220;&#8220; transform_styles_phone=&#8220;&#8220; global_colors_info=&#8220;{}&#8220;]<\/p>\n<h2 style=\"text-align: center;\">Wasserprojekte in Uganda<\/h2>\n<p>[\/et_pb_text][et_pb_text _builder_version=&#8220;4.16&#8243; _module_preset=&#8220;default&#8220; global_colors_info=&#8220;{}&#8220;]<\/p>\n<div class=\"et_pb_text et_pb_module et_pb_bg_layout_light et_pb_text_align_left  et_pb_text_0\">\n<div class=\"et_pb_text_inner\">\n<div class=\"et_pb_text et_pb_module et_pb_bg_layout_light et_pb_text_align_left  et_pb_text_1\">\n<div class=\"et_pb_text_inner\">\n<p style=\"text-align: center;\">DAS PROJEKT GEMEINDEWASSERVERSORGUNG &#8211; HYGIENE (CWS) Diese Ma\u00dfnahme wird mitfinanziert durch Steuermittel auf der Grundlage des von den Abgeordneten des S\u00e4chsischen Landtages beschlossenen Haushaltes.<\/p>\n<\/div>\n<\/div>\n<\/div>\n<\/div>\n<div class=\"et_pb_text et_pb_module et_pb_bg_layout_light et_pb_text_align_left  et_pb_text_1\">\n<div class=\"et_pb_text_inner\"><\/div>\n<\/div>\n<p>[\/et_pb_text][\/et_pb_column][\/et_pb_row][\/et_pb_section][et_pb_section fb_built=&#8220;1&#8243; specialty=&#8220;on&#8220; _builder_version=&#8220;4.16&#8243; _module_preset=&#8220;default&#8220; custom_padding=&#8220;35px|||||&#8220; global_colors_info=&#8220;{}&#8220;][et_pb_column type=&#8220;1_2&#8243; _builder_version=&#8220;4.16&#8243; custom_padding=&#8220;|||&#8220; global_colors_info=&#8220;{}&#8220; custom_padding__hover=&#8220;|||&#8220;][et_pb_image src=&#8220;https:\/\/afropa.org\/wp-content\/uploads\/2023\/04\/deine_Spende_Zhlt-300&#215;213.png&#8220; title_text=&#8220;deine_Spende_Zhlt&#8220; align=&#8220;center&#8220; force_fullwidth=&#8220;on&#8220; _builder_version=&#8220;4.16&#8243; _module_preset=&#8220;default&#8220; global_colors_info=&#8220;{}&#8220;][\/et_pb_image][et_pb_text _builder_version=&#8220;4.16&#8243; _module_preset=&#8220;default&#8220; global_colors_info=&#8220;{}&#8220;]<\/p>\n<p>Finanziert durch Stiftung Nord S\u00fcd Br\u00fccken in Kooperation mit AFROPA e.V.<\/p>\n<p>[\/et_pb_text][\/et_pb_column][et_pb_column type=&#8220;1_2&#8243; specialty_columns=&#8220;2&#8243; _builder_version=&#8220;4.16&#8243; custom_padding=&#8220;|||&#8220; global_colors_info=&#8220;{}&#8220; custom_padding__hover=&#8220;|||&#8220;][et_pb_row_inner _builder_version=&#8220;4.16&#8243; _module_preset=&#8220;default&#8220; global_colors_info=&#8220;{}&#8220;][et_pb_column_inner saved_specialty_column_type=&#8220;1_2&#8243; _builder_version=&#8220;4.16&#8243; _module_preset=&#8220;default&#8220; global_colors_info=&#8220;{}&#8220;][et_pb_text _builder_version=&#8220;4.16&#8243; _module_preset=&#8220;default&#8220; global_colors_info=&#8220;{}&#8220;]<\/p>\n<p style=\"text-align: justify;\">AFROPA e.V. unterh\u00e4lt eine Kooperationspartnerschaft mit dem Frauenverein FOWAC im Distrikt Kitgum im Norden Ugandas. Gemeinsam haben wir das Projekt erfolgreich durchgef\u00fchrt.<\/p>\n<p style=\"text-align: justify;\">Der Frauenverein FOWAC im Norden Ugandas k\u00fcmmert sich um die Notlage von Frauen und arbeitet unter extrem schwierigen Bedingungen in l\u00e4ndlichen Gebieten, in denen keine Entwicklungsstrukturen vorhanden sind. Das gr\u00f6\u00dfte Problem der Region ist der Wassermangel. Frauen und Kinder m\u00fcssen 3 bis 5 km zur Wasserstelle laufen, um ihre Familie zu versorgen, meist mehrmals am Tag. Der Wassermangel f\u00fchrt zu h\u00e4uslicher Gewalt, da die maximal 25 Liter Wasser, die tragbar sind, nicht f\u00fcr alle ausreichen. Frauen und M\u00e4dchen sind Opfer von Vergewaltigungen auf dem Weg zur Wasserquelle. M\u00e4dchen brechen die Schule ab, um im Haushalt zu helfen oder werden Opfer von Zwangsheirat, um die Familie wirtschaftlich zu entlasten. Daher leben Frauen und M\u00e4dchen unter psychischem Trauma, ohne berufliche Perspektive und als Opfer permanenter\u00a0Armut.<\/p>\n<p>[\/et_pb_text][\/et_pb_column_inner][\/et_pb_row_inner][\/et_pb_column][\/et_pb_section][et_pb_section fb_built=&#8220;1&#8243; specialty=&#8220;on&#8220; _builder_version=&#8220;4.16&#8243; _module_preset=&#8220;default&#8220; global_colors_info=&#8220;{}&#8220;][et_pb_column type=&#8220;1_2&#8243; _builder_version=&#8220;4.16&#8243; custom_padding=&#8220;|||&#8220; global_colors_info=&#8220;{}&#8220; custom_padding__hover=&#8220;|||&#8220;][et_pb_text _builder_version=&#8220;4.16&#8243; _module_preset=&#8220;default&#8220; global_colors_info=&#8220;{}&#8220;]<\/p>\n<p><strong><span>Spenden bitte auf folgendes Bankkonto mit dem Vermerk &#8211; Uganda braucht sauberes Wasser:<\/span><\/strong><\/p>\n<p>Dresdner Volksbank Raiffeisenbank eG, KontoNr.:<\/p>\n<p>3566321008, BLZ: 85090000,<\/p>\n<p><span style=\"font-size: 17px; font-weight: bold;\">IBAN: DE78850900003566321008<\/span><\/p>\n<p>Abzugsf\u00e4higen Quittungen k\u00f6nnen nach Wunsch ausgestellt werden.<\/p>\n<p>[\/et_pb_text][\/et_pb_column][et_pb_column type=&#8220;1_2&#8243; specialty_columns=&#8220;2&#8243; _builder_version=&#8220;4.16&#8243; custom_padding=&#8220;|||&#8220; global_colors_info=&#8220;{}&#8220; custom_padding__hover=&#8220;|||&#8220;][et_pb_row_inner _builder_version=&#8220;4.16&#8243; _module_preset=&#8220;default&#8220; global_colors_info=&#8220;{}&#8220;][et_pb_column_inner saved_specialty_column_type=&#8220;1_2&#8243; _builder_version=&#8220;4.16&#8243; _module_preset=&#8220;default&#8220; global_colors_info=&#8220;{}&#8220;][et_pb_image src=&#8220;https:\/\/afropa.org\/wp-content\/uploads\/2023\/04\/Struggle_4Water-2020-10-10-300&#215;169.jpg&#8220; title_text=&#8220;Struggle_4Water-2020-10-10&#8243; align=&#8220;center&#8220; force_fullwidth=&#8220;on&#8220; _builder_version=&#8220;4.16&#8243; _module_preset=&#8220;default&#8220; global_colors_info=&#8220;{}&#8220;][\/et_pb_image][\/et_pb_column_inner][\/et_pb_row_inner][\/et_pb_column][\/et_pb_section][et_pb_section fb_built=&#8220;1&#8243; specialty=&#8220;on&#8220; _builder_version=&#8220;4.16&#8243; _module_preset=&#8220;default&#8220; global_colors_info=&#8220;{}&#8220;][et_pb_column type=&#8220;1_2&#8243; _builder_version=&#8220;4.16&#8243; custom_padding=&#8220;|||&#8220; global_colors_info=&#8220;{}&#8220; custom_padding__hover=&#8220;|||&#8220;][et_pb_video src=&#8220;https:\/\/www.youtube.com\/watch?v=LmQ-g4xBACw&#038;ab_channel=Afropae.V.-Weltclub&#8220; _builder_version=&#8220;4.16&#8243; _module_preset=&#8220;default&#8220; global_colors_info=&#8220;{}&#8220;][\/et_pb_video][\/et_pb_column][et_pb_column type=&#8220;1_2&#8243; specialty_columns=&#8220;2&#8243; _builder_version=&#8220;4.16&#8243; custom_padding=&#8220;|||&#8220; global_colors_info=&#8220;{}&#8220; custom_padding__hover=&#8220;|||&#8220;][et_pb_row_inner _builder_version=&#8220;4.16&#8243; _module_preset=&#8220;default&#8220; global_colors_info=&#8220;{}&#8220;][et_pb_column_inner saved_specialty_column_type=&#8220;1_2&#8243; _builder_version=&#8220;4.16&#8243; _module_preset=&#8220;default&#8220; global_colors_info=&#8220;{}&#8220;][et_pb_text _builder_version=&#8220;4.16&#8243; _module_preset=&#8220;default&#8220; global_colors_info=&#8220;{}&#8220;]<\/p>\n<p style=\"text-align: justify;\">34, 6% der Bevblkerung Ugandas leben unter der Armutsgrenze von 1,90 USD pro Tag. Die wirtschaftliche und finanzielle Lage des Landes ist derzeit sehr schlecht. Trotzdem versinkt Uganda nicht in seinen eigenen Armutssorgen, sondern setzt sich mutig f\u00fcr die riesige Zahl der gefl\u00fcchteten Menschen der umliegenden Lander ein und teilt alles, was es sich leisten kann, mit ihnen. Derzeit gibt es in Uganda mehr gefl\u00fcchtete Menschen als in vielen Landern Europas. Die Mehrheit dieser kommt aus dem S\u00fcdsudan und anderen umliegenden Nachbarlandem.<\/p>\n<p>&nbsp;<\/p>\n<p>[\/et_pb_text][\/et_pb_column_inner][\/et_pb_row_inner][\/et_pb_column][\/et_pb_section][et_pb_section fb_built=&#8220;1&#8243; specialty=&#8220;on&#8220; _builder_version=&#8220;4.16&#8243; _module_preset=&#8220;default&#8220; global_colors_info=&#8220;{}&#8220;][et_pb_column type=&#8220;1_2&#8243; _builder_version=&#8220;4.16&#8243; custom_padding=&#8220;|||&#8220; global_colors_info=&#8220;{}&#8220; custom_padding__hover=&#8220;|||&#8220;][et_pb_text _builder_version=&#8220;4.16&#8243; _module_preset=&#8220;default&#8220; global_colors_info=&#8220;{}&#8220;]<\/p>\n<p style=\"text-align: justify;\">34, 6% der Bevblkerung Ugandas leben unter der Armutsgrenze von 1,90 USD pro Tag. Die wirtschaftliche und finanzielle Lage des Landes ist derzeit sehr schlecht. Trotzdem versinkt Uganda nicht in seinen eigenen Armutssorgen, sondern setzt sich mutig f\u00fcr die riesige Zahl der gefl\u00fcchteten Menschen der umliegenden Lander ein und teilt alles, was es sich leisten kann, mit ihnen. Derzeit gibt es in Uganda mehr gefl\u00fcchtete Menschen als in vielen Landern Europas. Die Mehrheit dieser kommt aus dem S\u00fcdsudan und anderen umliegenden Nachbarlandem.<\/p>\n<p><span style=\"font-size: 17px;\"> \u00a0<\/span><\/p>\n<p>[\/et_pb_text][\/et_pb_column][et_pb_column type=&#8220;1_2&#8243; specialty_columns=&#8220;2&#8243; _builder_version=&#8220;4.16&#8243; custom_padding=&#8220;|||&#8220; global_colors_info=&#8220;{}&#8220; custom_padding__hover=&#8220;|||&#8220;][et_pb_row_inner _builder_version=&#8220;4.16&#8243; _module_preset=&#8220;default&#8220; global_colors_info=&#8220;{}&#8220;][et_pb_column_inner saved_specialty_column_type=&#8220;1_2&#8243; _builder_version=&#8220;4.16&#8243; _module_preset=&#8220;default&#8220; global_colors_info=&#8220;{}&#8220;][et_pb_image src=&#8220;https:\/\/afropa.org\/wp-content\/uploads\/2023\/04\/Download-223&#215;300.png&#8220; title_text=&#8220;Download&#8220; align=&#8220;center&#8220; _builder_version=&#8220;4.16&#8243; _module_preset=&#8220;default&#8220; transform_scale=&#8220;82%|82%&#8220; width=&#8220;100%&#8220; module_alignment=&#8220;center&#8220; global_colors_info=&#8220;{}&#8220;][\/et_pb_image][\/et_pb_column_inner][\/et_pb_row_inner][\/et_pb_column][\/et_pb_section]<\/p>\n","protected":false},"excerpt":{"rendered":"<p>Wasserprojekte in UgandaWasserprojekte in Uganda DAS PROJEKT GEMEINDEWASSERVERSORGUNG &#8211; HYGIENE (CWS) Diese Ma\u00dfnahme wird mitfinanziert durch Steuermittel auf der Grundlage des von den Abgeordneten des S\u00e4chsischen Landtages beschlossenen Haushaltes. Finanziert [&hellip;]<\/p>\n","protected":false},"author":2,"featured_media":657,"parent":0,"menu_order":0,"comment_status":"closed","ping_status":"closed","template":"","meta":{"_et_pb_use_builder":"on","_et_pb_old_content":"","_et_gb_content_width":"","footnotes":""},"class_list":["post-1374","page","type-page","status-publish","has-post-thumbnail","hentry"],"_links":{"self":[{"href":"https:\/\/afropa.org\/index.php\/wp-json\/wp\/v2\/pages\/1374","targetHints":{"allow":["GET"]}}],"collection":[{"href":"https:\/\/afropa.org\/index.php\/wp-json\/wp\/v2\/pages"}],"about":[{"href":"https:\/\/afropa.org\/index.php\/wp-json\/wp\/v2\/types\/page"}],"author":[{"embeddable":true,"href":"https:\/\/afropa.org\/index.php\/wp-json\/wp\/v2\/users\/2"}],"replies":[{"embeddable":true,"href":"https:\/\/afropa.org\/index.php\/wp-json\/wp\/v2\/comments?post=1374"}],"version-history":[{"count":1,"href":"https:\/\/afropa.org\/index.php\/wp-json\/wp\/v2\/pages\/1374\/revisions"}],"predecessor-version":[{"id":2793,"href":"https:\/\/afropa.org\/index.php\/wp-json\/wp\/v2\/pages\/1374\/revisions\/2793"}],"wp:featuredmedia":[{"embeddable":true,"href":"https:\/\/afropa.org\/index.php\/wp-json\/"}],"wp:attachment":[{"href":"https:\/\/afropa.org\/index.php\/wp-json\/wp\/v2\/media?parent=1374"}],"curies":[{"name":"wp","href":"https:\/\/api.w.org\/{rel}","templated":true}]}}