{"id":3301,"date":"2024-11-12T08:56:14","date_gmt":"2024-11-12T08:56:14","guid":{"rendered":"https:\/\/afropa.org\/?page_id=3301"},"modified":"2026-02-11T20:57:42","modified_gmt":"2026-02-11T19:57:42","slug":"cafe-glueck","status":"publish","type":"page","link":"https:\/\/afropa.org\/index.php\/cafe-glueck\/","title":{"rendered":"Caf\u00e9 Gl\u00fcck"},"content":{"rendered":"<p>[et_pb_section fb_built=&#8220;1&#8243; _builder_version=&#8220;4.25.1&#8243; _module_preset=&#8220;default&#8220; background_image=&#8220;https:\/\/afropa.org\/wp-content\/uploads\/2024\/11\/Cafe-Glueck_back.png&#8220; custom_padding=&#8220;77px||170px|||&#8220; global_colors_info=&#8220;{}&#8220;][et_pb_row _builder_version=&#8220;4.25.1&#8243; _module_preset=&#8220;default&#8220; transform_scale=&#8220;86%|86%&#8220; custom_margin=&#8220;2px|auto||auto||&#8220; global_colors_info=&#8220;{}&#8220;][et_pb_column type=&#8220;4_4&#8243; _builder_version=&#8220;4.25.1&#8243; _module_preset=&#8220;default&#8220; global_colors_info=&#8220;{}&#8220;][et_pb_image src=&#8220;https:\/\/afropa.org\/wp-content\/uploads\/2024\/11\/Cafe-Glueck_tittle.png&#8220; title_text=&#8220;Caf\u00e9 Gl\u00fcck_tittle&#8220; _builder_version=&#8220;4.25.1&#8243; _module_preset=&#8220;default&#8220; transform_scale=&#8220;68%|68%&#8220; global_colors_info=&#8220;{}&#8220;][\/et_pb_image][\/et_pb_column][\/et_pb_row][\/et_pb_section][et_pb_section fb_built=&#8220;1&#8243; _builder_version=&#8220;4.25.1&#8243; _module_preset=&#8220;default&#8220; global_colors_info=&#8220;{}&#8220;][et_pb_row _builder_version=&#8220;4.25.1&#8243; _module_preset=&#8220;default&#8220; global_colors_info=&#8220;{}&#8220;][et_pb_column type=&#8220;4_4&#8243; _builder_version=&#8220;4.25.1&#8243; _module_preset=&#8220;default&#8220; global_colors_info=&#8220;{}&#8220;][et_pb_text _builder_version=&#8220;4.25.1&#8243; _module_preset=&#8220;default&#8220; custom_margin=&#8220;||-19px|||&#8220; custom_padding=&#8220;5px|||||&#8220; global_colors_info=&#8220;{}&#8220;]<\/p>\n<h1 style=\"text-align: center;\">Was ist Gl\u00fcck?<\/h1>\n<p>[\/et_pb_text][\/et_pb_column][\/et_pb_row][et_pb_row _builder_version=&#8220;4.24.3&#8243; _module_preset=&#8220;default&#8220; custom_padding=&#8220;40px||40px||true|&#8220; global_colors_info=&#8220;{}&#8220;][et_pb_column type=&#8220;4_4&#8243; _builder_version=&#8220;4.24.3&#8243; _module_preset=&#8220;default&#8220; global_colors_info=&#8220;{}&#8220;][et_pb_text _builder_version=&#8220;4.25.1&#8243; _module_preset=&#8220;default&#8220; link_option_url_new_window=&#8220;on&#8220; global_colors_info=&#8220;{}&#8220;]<\/p>\n<p style=\"margin-bottom: 0.28cm; text-align: justify;\">Ist es das F\u00fcllhorn, der gl\u00fcckliche Umstand, der Zufall des Gewinns? Trifft das Gl\u00fcck mit seinem Segen die T\u00fcchtigen, oder ist es einfach Gl\u00fcck wen es erwischt? Unsere Perspektive als Kultur Caf\u00e9 Gl\u00fcck ist die der Erf\u00fcllung. Im sch\u00f6nsten Falle, ist Gl\u00fcck ein Wachstum oder ein Nichts f\u00fcr manche. Seien es Genuss, Begegnung oder Ruhe: wir w\u00fcnschen allen, das Gl\u00fcck, das zu erleben.<br \/>Wir sind ein Caf\u00e9 des Afropa e.V.. der mit dem interkulturellen Stadtteilzentrum Weltclub ganz in der N\u00e4he auf der K\u00f6nigsbr\u00fccker Strasse 13 sitzt. Unser Kaffee kommt aus Kamerun und wird direkt durch die Dresdner Firma <a href=\"https:\/\/bongabee.com\/\" target=\"_blank\" rel=\"noopener\"><strong>b\u00f2\u014b\u00e0bee<\/strong><\/a> importiert. Unsere Maschine kommt aus Italien. Wir f\u00fchren zudem weitere Kaffeespezialit\u00e4ten aus verschiedenen Weltregionen. Unser kulinarischer Fokus kommt aus Mittel- und S\u00fcdamerika, Mosambik, Madagaskar und Portugal zusammen. Unser Team ist nicht weniger weltl\u00e4ufig.<\/p>\n<p>[\/et_pb_text][\/et_pb_column][\/et_pb_row][et_pb_row column_structure=&#8220;1_2,1_2&#8243; _builder_version=&#8220;4.25.1&#8243; _module_preset=&#8220;default&#8220; global_colors_info=&#8220;{}&#8220;][et_pb_column type=&#8220;1_2&#8243; _builder_version=&#8220;4.25.1&#8243; _module_preset=&#8220;default&#8220; global_colors_info=&#8220;{}&#8220;][et_pb_image src=&#8220;https:\/\/afropa.org\/wp-content\/uploads\/2024\/11\/Cafe-Glueck-Final-Original-07.png&#8220; title_text=&#8220;Caf\u00e9 Gl\u00fcck &#8211; Final &#8211; Original-07&#8243; _builder_version=&#8220;4.25.1&#8243; _module_preset=&#8220;default&#8220; global_colors_info=&#8220;{}&#8220;][\/et_pb_image][\/et_pb_column][et_pb_column type=&#8220;1_2&#8243; _builder_version=&#8220;4.25.1&#8243; _module_preset=&#8220;default&#8220; global_colors_info=&#8220;{}&#8220;][et_pb_text _builder_version=&#8220;4.27.4&#8243; _module_preset=&#8220;default&#8220; hover_enabled=&#8220;0&#8243; global_colors_info=&#8220;{}&#8220; sticky_enabled=&#8220;0&#8243;]<\/p>\n<div class=\"xdj266r x11i5rnm xat24cr x1mh8g0r x1vvkbs x126k92a\"><\/div>\n<div class=\"x11i5rnm xat24cr x1mh8g0r x1vvkbs xtlvy1s x126k92a\">\n<div dir=\"auto\"><strong><\/strong><\/div>\n<div dir=\"auto\"><strong><\/strong><\/div>\n<div dir=\"auto\"><strong>Mittwoch bis Sonntag von 12:00 bis <span class=\"html-span xdj266r x11i5rnm xat24cr x1mh8g0r xexx8yu x4uap5 x18d9i69 xkhd6sd x1hl2dhg x16tdsg8 x1vvkbs\"><\/span>18:00<\/strong> Uhr mit bester Atmosph\u00e4re und unwiderstehlichen K\u00f6stlichkeiten.<\/div>\n<div dir=\"auto\"><\/div>\n<\/div>\n<div class=\"x11i5rnm xat24cr x1mh8g0r x1vvkbs xtlvy1s x126k92a\">\n<div dir=\"auto\"><span class=\"html-span xexx8yu x4uap5 x18d9i69 xkhd6sd x1hl2dhg x16tdsg8 x1vvkbs x3nfvp2 x1j61x8r x1fcty0u xdj266r xat24cr xgzva0m xhhsvwb xxymvpz xlup9mm x1kky2od\">&#8211; <\/span>Besondere Mittagsangebote von 12 bis 15 Uhr, perfekt, um Energie zu tanken!<\/div>\n<div dir=\"auto\"><span class=\"html-span xexx8yu x4uap5 x18d9i69 xkhd6sd x1hl2dhg x16tdsg8 x1vvkbs x3nfvp2 x1j61x8r x1fcty0u xdj266r xat24cr xgzva0m xhhsvwb xxymvpz xlup9mm x1kky2od\">&#8211;<\/span> Hausgemachte Kuchen und frisch gebackene Kekse, die deinen Tag vers\u00fc\u00dfen.<\/div>\n<div dir=\"auto\"><span class=\"html-span xexx8yu x4uap5 x18d9i69 xkhd6sd x1hl2dhg x16tdsg8 x1vvkbs x3nfvp2 x1j61x8r x1fcty0u xdj266r xat24cr xgzva0m xhhsvwb xxymvpz xlup9mm x1kky2od\">&#8211;<\/span> Und nat\u00fcrlich unser Premium-Kaffee f\u00fcr echte Kaffeeliebhaber.<\/div>\n<\/div>\n<div class=\"x11i5rnm xat24cr x1mh8g0r x1vvkbs xtlvy1s x126k92a\">\n<div dir=\"auto\">Komm alleine oder in Begleitung vorbei, hier ist immer ein Platz f\u00fcr dich!<\/div>\n<div dir=\"auto\"><\/div>\n<\/div>\n<div class=\"x11i5rnm xat24cr x1mh8g0r x1vvkbs xtlvy1s x126k92a\">\n<div dir=\"auto\">\n<p><strong>Alaunstra\u00dfe 11, 01099 Dresden<\/strong><\/p>\n<p>&nbsp;<\/p>\n<p><span><strong>Reservierung und Catering:<\/strong> cafeglueck@afropa.org<\/span><\/p>\n<\/div>\n<\/div>\n<p>[\/et_pb_text][\/et_pb_column][\/et_pb_row][et_pb_row column_structure=&#8220;1_3,1_3,1_3&#8243; _builder_version=&#8220;4.25.1&#8243; _module_preset=&#8220;default&#8220; global_colors_info=&#8220;{}&#8220;][et_pb_column type=&#8220;1_3&#8243; _builder_version=&#8220;4.25.1&#8243; _module_preset=&#8220;default&#8220; global_colors_info=&#8220;{}&#8220;][et_pb_text _builder_version=&#8220;4.25.1&#8243; _module_preset=&#8220;default&#8220; text_orientation=&#8220;center&#8220; global_colors_info=&#8220;{}&#8220;]<\/p>\n<h2><strong><img loading=\"lazy\" decoding=\"async\" src=\"https:\/\/afropa.org\/wp-content\/uploads\/2024\/11\/iconos-02-300x300.png\" width=\"83\" height=\"83\" alt=\"\" class=\"wp-image-3324 alignnone size-medium\" srcset=\"https:\/\/afropa.org\/wp-content\/uploads\/2024\/11\/iconos-02-300x300.png 300w, https:\/\/afropa.org\/wp-content\/uploads\/2024\/11\/iconos-02-150x150.png 150w, https:\/\/afropa.org\/wp-content\/uploads\/2024\/11\/iconos-02.png 350w\" sizes=\"(max-width: 83px) 100vw, 83px\" \/><\/strong><\/h2>\n<h2><strong>Kaffees<\/strong><\/h2>\n<p>[\/et_pb_text][\/et_pb_column][et_pb_column type=&#8220;1_3&#8243; _builder_version=&#8220;4.25.1&#8243; _module_preset=&#8220;default&#8220; global_colors_info=&#8220;{}&#8220;][et_pb_text _builder_version=&#8220;4.25.1&#8243; _module_preset=&#8220;default&#8220; text_orientation=&#8220;center&#8220; global_colors_info=&#8220;{}&#8220;]<\/p>\n<h2><img loading=\"lazy\" decoding=\"async\" src=\"https:\/\/afropa.org\/wp-content\/uploads\/2024\/11\/iconos-03-300x300.png\" width=\"94\" height=\"94\" alt=\"\" class=\"wp-image-3327 alignnone size-medium\" srcset=\"https:\/\/afropa.org\/wp-content\/uploads\/2024\/11\/iconos-03-300x300.png 300w, https:\/\/afropa.org\/wp-content\/uploads\/2024\/11\/iconos-03-150x150.png 150w, https:\/\/afropa.org\/wp-content\/uploads\/2024\/11\/iconos-03.png 354w\" sizes=\"(max-width: 94px) 100vw, 94px\" \/><\/h2>\n<h2><strong>Cakes<\/strong><\/h2>\n<p>[\/et_pb_text][\/et_pb_column][et_pb_column type=&#8220;1_3&#8243; _builder_version=&#8220;4.25.1&#8243; _module_preset=&#8220;default&#8220; global_colors_info=&#8220;{}&#8220;][et_pb_text _builder_version=&#8220;4.25.1&#8243; _module_preset=&#8220;default&#8220; header_text_align=&#8220;center&#8220; text_orientation=&#8220;center&#8220; global_colors_info=&#8220;{}&#8220;]<\/p>\n<h2><img loading=\"lazy\" decoding=\"async\" src=\"https:\/\/afropa.org\/wp-content\/uploads\/2024\/11\/iconos-04.png\" width=\"83\" height=\"83\" alt=\"\" class=\"wp-image-3328 alignnone size-full\" srcset=\"https:\/\/afropa.org\/wp-content\/uploads\/2024\/11\/iconos-04.png 225w, https:\/\/afropa.org\/wp-content\/uploads\/2024\/11\/iconos-04-150x150.png 150w\" sizes=\"(max-width: 83px) 100vw, 83px\" \/><\/h2>\n<h2><strong>Mittagsangebot<\/strong><\/h2>\n<p>&nbsp;<\/p>\n<p>[\/et_pb_text][\/et_pb_column][\/et_pb_row][\/et_pb_section][et_pb_section fb_built=&#8220;1&#8243; _builder_version=&#8220;4.25.1&#8243; _module_preset=&#8220;default&#8220; background_color=&#8220;RGBA(255,255,255,0)&#8220; global_colors_info=&#8220;{}&#8220;][et_pb_row _builder_version=&#8220;4.25.1&#8243; _module_preset=&#8220;default&#8220; global_colors_info=&#8220;{}&#8220;][et_pb_column type=&#8220;4_4&#8243; _builder_version=&#8220;4.25.1&#8243; _module_preset=&#8220;default&#8220; global_colors_info=&#8220;{}&#8220;][et_pb_text _builder_version=&#8220;4.25.1&#8243; _module_preset=&#8220;default&#8220; global_colors_info=&#8220;{}&#8220;]<\/p>\n<h1 style=\"text-align: center;\">Soziale Medien<\/h1>\n<p>[\/et_pb_text][\/et_pb_column][\/et_pb_row][et_pb_row column_structure=&#8220;1_3,1_3,1_3&#8243; _builder_version=&#8220;4.25.1&#8243; _module_preset=&#8220;default&#8220; global_colors_info=&#8220;{}&#8220;][et_pb_column type=&#8220;1_3&#8243; _builder_version=&#8220;4.25.1&#8243; _module_preset=&#8220;default&#8220; global_colors_info=&#8220;{}&#8220;][et_pb_cta button_url=&#8220;https:\/\/www.instagram.com\/cafe.glueck.de\/profilecard\/?igsh=dmh2MXZ6czluam4y&#8220; url_new_window=&#8220;on&#8220; button_text=&#8220;Instagram&#8220; _builder_version=&#8220;4.25.1&#8243; _module_preset=&#8220;default&#8220; background_color=&#8220;#F19C3E&#8220; global_colors_info=&#8220;{}&#8220;]<\/p>\n<h2 class=\"et_pb_module_header et-fb-editable-element et-fb-editable-element__editing\" data-shortcode-id=\"4.1.2.0-1727864476817\" data-quickaccess-id=\"header\" contenteditable=\"true\">Caf\u00e9 Gl\u00fcck<\/h2>\n<p><img loading=\"lazy\" decoding=\"async\" src=\"https:\/\/afropa.org\/wp-content\/uploads\/2024\/10\/Instagram_icon.png\" width=\"60\" height=\"60\" alt=\"\" class=\"wp-image-3156 alignnone size-full\" srcset=\"https:\/\/afropa.org\/wp-content\/uploads\/2024\/10\/Instagram_icon.png 240w, https:\/\/afropa.org\/wp-content\/uploads\/2024\/10\/Instagram_icon-150x150.png 150w\" sizes=\"(max-width: 60px) 100vw, 60px\" \/><\/p>\n<p>[\/et_pb_cta][\/et_pb_column][et_pb_column type=&#8220;1_3&#8243; _builder_version=&#8220;4.25.1&#8243; _module_preset=&#8220;default&#8220; global_colors_info=&#8220;{}&#8220;][et_pb_cta button_url=&#8220;https:\/\/www.facebook.com\/profile.php?id=61567709544971&#8243; url_new_window=&#8220;on&#8220; button_text=&#8220;Facebook&#8220; _builder_version=&#8220;4.25.1&#8243; _module_preset=&#8220;default&#8220; background_color=&#8220;#12569e&#8220; global_colors_info=&#8220;{}&#8220;]<\/p>\n<h2 class=\"et_pb_module_header et-fb-editable-element et-fb-editable-element et-fb-editable-element__editing\" data-shortcode-id=\"4.1.1.0-1727864476781\" data-quickaccess-id=\"header\" contenteditable=\"true\">Caf\u00e9 Gl\u00fcck Dresden<\/h2>\n<p><img loading=\"lazy\" decoding=\"async\" src=\"https:\/\/afropa.org\/wp-content\/uploads\/2024\/10\/256px-Facebook_Logo_2023.png\" width=\"60\" height=\"60\" alt=\"\" class=\"wp-image-3151 alignnone size-full\" srcset=\"https:\/\/afropa.org\/wp-content\/uploads\/2024\/10\/256px-Facebook_Logo_2023.png 256w, https:\/\/afropa.org\/wp-content\/uploads\/2024\/10\/256px-Facebook_Logo_2023-150x150.png 150w\" sizes=\"(max-width: 60px) 100vw, 60px\" \/><\/p>\n<p>[\/et_pb_cta][\/et_pb_column][et_pb_column type=&#8220;1_3&#8243; _builder_version=&#8220;4.25.1&#8243; _module_preset=&#8220;default&#8220; global_colors_info=&#8220;{}&#8220;][et_pb_cta button_url=&#8220;https:\/\/www.tiktok.com\/@cafe.glueck.dresden?_t=8rKt7UkI3Pi&#038;_r=1&#8243; url_new_window=&#8220;on&#8220; button_text=&#8220;Tiktok&#8220; _builder_version=&#8220;4.25.1&#8243; _module_preset=&#8220;default&#8220; background_color=&#8220;#E84E1B&#8220; global_colors_info=&#8220;{}&#8220;]<\/p>\n<h2 class=\"et_pb_module_header et-fb-editable-element et-fb-editable-element__editing\" data-shortcode-id=\"4.1.0.0-1727864476752\" data-quickaccess-id=\"header\" contenteditable=\"true\">Caf\u00e9 Gl\u00fcck Dresden<\/h2>\n<h2 class=\"et_pb_module_header et-fb-editable-element et-fb-editable-element__editing\" data-shortcode-id=\"4.1.0.0-1727864476752\" data-quickaccess-id=\"header\"><img loading=\"lazy\" decoding=\"async\" src=\"https:\/\/afropa.org\/wp-content\/uploads\/2024\/11\/vecteezy_tiktok-png-icon_16716450-300x300.png\" width=\"62\" height=\"62\" alt=\"\" class=\"wp-image-3348 alignnone size-medium\" \/><\/h2>\n<p>[\/et_pb_cta][\/et_pb_column][\/et_pb_row][et_pb_row _builder_version=&#8220;4.27.3&#8243; _module_preset=&#8220;default&#8220; global_colors_info=&#8220;{}&#8220;][et_pb_column type=&#8220;4_4&#8243; _builder_version=&#8220;4.27.3&#8243; _module_preset=&#8220;default&#8220; global_colors_info=&#8220;{}&#8220;][sb_instagram_feed feed_id=&#8220;1&#8243; _builder_version=&#8220;4.27.3&#8243; _module_preset=&#8220;default&#8220; global_colors_info=&#8220;{}&#8220;][\/sb_instagram_feed][\/et_pb_column][\/et_pb_row][\/et_pb_section]<\/p>\n","protected":false},"excerpt":{"rendered":"<p>Was ist Gl\u00fcck?Ist es das F\u00fcllhorn, der gl\u00fcckliche Umstand, der Zufall des Gewinns? Trifft das Gl\u00fcck mit seinem Segen die T\u00fcchtigen, oder ist es einfach Gl\u00fcck wen es erwischt? Unsere [&hellip;]<\/p>\n","protected":false},"author":2,"featured_media":0,"parent":0,"menu_order":0,"comment_status":"closed","ping_status":"closed","template":"","meta":{"_et_pb_use_builder":"on","_et_pb_old_content":"<!-- wp:divi\/placeholder \/-->","_et_gb_content_width":"","footnotes":""},"class_list":["post-3301","page","type-page","status-publish","hentry"],"_links":{"self":[{"href":"https:\/\/afropa.org\/index.php\/wp-json\/wp\/v2\/pages\/3301","targetHints":{"allow":["GET"]}}],"collection":[{"href":"https:\/\/afropa.org\/index.php\/wp-json\/wp\/v2\/pages"}],"about":[{"href":"https:\/\/afropa.org\/index.php\/wp-json\/wp\/v2\/types\/page"}],"author":[{"embeddable":true,"href":"https:\/\/afropa.org\/index.php\/wp-json\/wp\/v2\/users\/2"}],"replies":[{"embeddable":true,"href":"https:\/\/afropa.org\/index.php\/wp-json\/wp\/v2\/comments?post=3301"}],"version-history":[{"count":39,"href":"https:\/\/afropa.org\/index.php\/wp-json\/wp\/v2\/pages\/3301\/revisions"}],"predecessor-version":[{"id":4582,"href":"https:\/\/afropa.org\/index.php\/wp-json\/wp\/v2\/pages\/3301\/revisions\/4582"}],"wp:attachment":[{"href":"https:\/\/afropa.org\/index.php\/wp-json\/wp\/v2\/media?parent=3301"}],"curies":[{"name":"wp","href":"https:\/\/api.w.org\/{rel}","templated":true}]}}