{"id":3884,"date":"2025-03-17T10:46:36","date_gmt":"2025-03-17T09:46:36","guid":{"rendered":"https:\/\/afropa.org\/?page_id=3884"},"modified":"2025-03-17T11:00:52","modified_gmt":"2025-03-17T10:00:52","slug":"buch","status":"publish","type":"page","link":"https:\/\/afropa.org\/index.php\/buch\/","title":{"rendered":"BuchNeues Praxisbuch \u201eselbst.bestimmt.wohnen.\u201cBuch"},"content":{"rendered":"\n[et_pb_section fb_built=&#8220;1&#8243; theme_builder_area=&#8220;post_content&#8220; _builder_version=&#8220;4.27.4&#8243; _module_preset=&#8220;default&#8220;][et_pb_row _builder_version=&#8220;4.27.4&#8243; _module_preset=&#8220;default&#8220; theme_builder_area=&#8220;post_content&#8220;][et_pb_column _builder_version=&#8220;4.27.4&#8243; _module_preset=&#8220;default&#8220; type=&#8220;4_4&#8243; theme_builder_area=&#8220;post_content&#8220;][et_pb_image src=&#8220;https:\/\/afropa.org\/wp-content\/uploads\/2025\/03\/01_Basis-Post-Instagram-WosU-Praxisbuch.jpg&#8220; _builder_version=&#8220;4.27.4&#8243; _module_preset=&#8220;default&#8220; theme_builder_area=&#8220;post_content&#8220; title_text=&#8220;01_Basis-Post Instagram WosU Praxisbuch&#8220; hover_enabled=&#8220;0&#8243; sticky_enabled=&#8220;0&#8243;][\/et_pb_image][\/et_pb_column][\/et_pb_row][et_pb_row _builder_version=&#8220;4.27.4&#8243; _module_preset=&#8220;default&#8220; theme_builder_area=&#8220;post_content&#8220;][et_pb_column _builder_version=&#8220;4.27.4&#8243; _module_preset=&#8220;default&#8220; type=&#8220;4_4&#8243; theme_builder_area=&#8220;post_content&#8220;][et_pb_text _builder_version=&#8220;4.27.4&#8243; _module_preset=&#8220;default&#8220; theme_builder_area=&#8220;post_content&#8220; hover_enabled=&#8220;0&#8243; sticky_enabled=&#8220;0&#8243;]<h1>Neues Praxisbuch \u201eselbst.bestimmt.wohnen.\u201c \u2013<\/h1>\n<p>&nbsp;<\/p>\n<p><a href=\"https:\/\/wohnprojekt-augsburg.de\/news\/praxishandbuch-selbst-bestimmt-wohnen\/\">Jetzt als Download verf\u00fcgbar!<\/a><\/p>\n<p>Wohnen ist mehr als ein Dach \u00fcber dem Kopf \u2013 es steht f\u00fcr Ankommen, Sicherheit und bildet die Grundlage f\u00fcr gesellschaftliche Teilhabe. Besonders f\u00fcr Menschen mit Flucht- und Migrationsgeschichte markiert das Ankommen in einer eigenen Wohnung einen entscheidenden Schritt in Richtung selbstbestimmtes Leben. Doch der der Weg dorthin bleibt f\u00fcr viele eine Herausforderung und ist ohne die Unterst\u00fctzung von Communities, Ehrenamtlichen sowie Fach- und Beratungsstellen oft kaum erreichbar.<\/p>\n<p>Hier setzt das Praxisbuch \u201eselbst. bestimmt. wohnen.\u201c an. Es bietet einen umfassenden \u00dcberblick \u00fcber bew\u00e4hrte Konzepte, innovative Projekte und praxisnahe L\u00f6sungsans\u00e4tze an der Schnittstelle von Wohnen, Migration und Wohnungsnotfallhilfe.<\/p>[\/et_pb_text][\/et_pb_column][\/et_pb_row][\/et_pb_section]\n","protected":false},"excerpt":{"rendered":"<p>Neues Praxisbuch \u201eselbst.bestimmt.wohnen.\u201c \u2013 &nbsp; Jetzt als Download verf\u00fcgbar! Wohnen ist mehr als ein Dach \u00fcber dem Kopf \u2013 es steht f\u00fcr Ankommen, Sicherheit und bildet die Grundlage f\u00fcr gesellschaftliche [&hellip;]<\/p>\n","protected":false},"author":2,"featured_media":0,"parent":0,"menu_order":0,"comment_status":"closed","ping_status":"closed","template":"","meta":{"_et_pb_use_builder":"on","_et_pb_old_content":"","_et_gb_content_width":"","footnotes":""},"class_list":["post-3884","page","type-page","status-publish","hentry"],"_links":{"self":[{"href":"https:\/\/afropa.org\/index.php\/wp-json\/wp\/v2\/pages\/3884","targetHints":{"allow":["GET"]}}],"collection":[{"href":"https:\/\/afropa.org\/index.php\/wp-json\/wp\/v2\/pages"}],"about":[{"href":"https:\/\/afropa.org\/index.php\/wp-json\/wp\/v2\/types\/page"}],"author":[{"embeddable":true,"href":"https:\/\/afropa.org\/index.php\/wp-json\/wp\/v2\/users\/2"}],"replies":[{"embeddable":true,"href":"https:\/\/afropa.org\/index.php\/wp-json\/wp\/v2\/comments?post=3884"}],"version-history":[{"count":4,"href":"https:\/\/afropa.org\/index.php\/wp-json\/wp\/v2\/pages\/3884\/revisions"}],"predecessor-version":[{"id":3906,"href":"https:\/\/afropa.org\/index.php\/wp-json\/wp\/v2\/pages\/3884\/revisions\/3906"}],"wp:attachment":[{"href":"https:\/\/afropa.org\/index.php\/wp-json\/wp\/v2\/media?parent=3884"}],"curies":[{"name":"wp","href":"https:\/\/api.w.org\/{rel}","templated":true}]}}