{"id":3891,"date":"2025-03-17T10:50:10","date_gmt":"2025-03-17T09:50:10","guid":{"rendered":"https:\/\/afropa.org\/?page_id=3891"},"modified":"2025-03-17T11:07:49","modified_gmt":"2025-03-17T10:07:49","slug":"festival-neujahrstoene","status":"publish","type":"page","link":"https:\/\/afropa.org\/index.php\/festival-neujahrstoene\/","title":{"rendered":"Festival Neujahrst\u00f6ne"},"content":{"rendered":"<p>[et_pb_section fb_built=&#8220;1&#8243; _builder_version=&#8220;4.27.4&#8243; _module_preset=&#8220;default&#8220; global_colors_info=&#8220;{}&#8220;][et_pb_row _builder_version=&#8220;4.27.4&#8243; _module_preset=&#8220;default&#8220; global_colors_info=&#8220;{}&#8220;][et_pb_column type=&#8220;4_4&#8243; _builder_version=&#8220;4.27.4&#8243; _module_preset=&#8220;default&#8220; global_colors_info=&#8220;{}&#8220;][et_pb_image src=&#8220;https:\/\/afropa.org\/wp-content\/uploads\/2025\/03\/FESTIVAL-A4_Aktuell.png&#8220; title_text=&#8220;FESTIVAL A4_Aktuell&#8220; _builder_version=&#8220;4.27.4&#8243; _module_preset=&#8220;default&#8220; global_colors_info=&#8220;{}&#8220;][\/et_pb_image][\/et_pb_column][\/et_pb_row][et_pb_row _builder_version=&#8220;4.27.4&#8243; _module_preset=&#8220;default&#8220; global_colors_info=&#8220;{}&#8220;][et_pb_column type=&#8220;4_4&#8243; _builder_version=&#8220;4.27.4&#8243; _module_preset=&#8220;default&#8220; global_colors_info=&#8220;{}&#8220;][et_pb_text _builder_version=&#8220;4.27.4&#8243; _module_preset=&#8220;default&#8220; global_colors_info=&#8220;{}&#8220;]<\/p>\n<h1><strong>Festival Neujahrst\u00f6ne<\/strong><\/h1>\n<p data-start=\"98\" data-end=\"346\">Das <strong data-start=\"102\" data-end=\"127\">Festival Neujahrst\u00f6ne<\/strong> ist eine Feier der kulturellen Vielfalt durch Musik, Kunst und Theater. Im Weltclub Dresden pr\u00e4sentieren K\u00fcnstlerinnen und K\u00fcnstler unterschiedlicher Herkunft ihre Kreativit\u00e4t in einem offenen und einladenden Umfeld.<\/p>\n<h4 data-start=\"348\" data-end=\"361\">Programm<\/h4>\n<h4 data-start=\"363\" data-end=\"401\">1. M\u00e4rz 2025 | 14:00 &#8211; 20:00 Uhr<\/h4>\n<p data-start=\"402\" data-end=\"531\"><strong data-start=\"402\" data-end=\"427\">Okzident Meets Orient<\/strong><br data-start=\"427\" data-end=\"430\" \/>Eine Begegnung zwischen Orient und Okzident mit Tanz, Malerei, Theaterworkshop, Konzert und Lesung.<\/p>\n<h4 data-start=\"533\" data-end=\"564\">22. M\u00e4rz 2025 | 19:00 Uhr<\/h4>\n<p data-start=\"565\" data-end=\"652\"><strong data-start=\"565\" data-end=\"582\">Migrasong #02<\/strong><br data-start=\"582\" data-end=\"585\" \/>Menschen mit Migrationsgeschichte stellen ihre Musikprojekte vor.<\/p>\n<h4 data-start=\"654\" data-end=\"688\">29. M\u00e4rz 2025 | Ab 16:00 Uhr<\/h4>\n<p data-start=\"689\" data-end=\"820\"><strong data-start=\"689\" data-end=\"710\">Kommune Woodstock<\/strong><br data-start=\"710\" data-end=\"713\" \/>Eine Hommage an Yoko Ono und John Lennon mit \u201eBed In\u201c meets Vietnam, begleitet von Musik und Kaffeeparty.<\/p>\n<h4 data-start=\"822\" data-end=\"854\">12. April 2025 | 19:00 Uhr<\/h4>\n<p data-start=\"855\" data-end=\"944\"><strong data-start=\"855\" data-end=\"876\">Piccola Orchestra<\/strong><br data-start=\"876\" data-end=\"879\" \/>Konzert der \u201ekleinen Schwester\u201c des Paradiesorchesters Dresden.<\/p>\n<h4 data-start=\"946\" data-end=\"978\">Veranstaltungsinformationen<\/h4>\n<p data-start=\"980\" data-end=\"1058\"><strong data-start=\"980\" data-end=\"988\">Ort:<\/strong> Weltclub, K\u00f6nigsbr\u00fccker Str. 13, 01099 Dresden<br data-start=\"1035\" data-end=\"1038\" \/><strong data-start=\"1038\" data-end=\"1051\">Eintritt:<\/strong> Frei<\/p>\n<p data-start=\"1060\" data-end=\"1270\">Dieses Festival bietet eine besondere Gelegenheit, Musik und Kunst in einem multikulturellen Umfeld zu erleben. Alle sind herzlich eingeladen, teilzunehmen und neue k\u00fcnstlerische Ausdrucksformen zu entdecken.<\/p>\n<p>[\/et_pb_text][\/et_pb_column][\/et_pb_row][\/et_pb_section]<\/p>\n","protected":false},"excerpt":{"rendered":"<p>Festival Neujahrst\u00f6ne Das Festival Neujahrst\u00f6ne ist eine Feier der kulturellen Vielfalt durch Musik, Kunst und Theater. Im Weltclub Dresden pr\u00e4sentieren K\u00fcnstlerinnen und K\u00fcnstler unterschiedlicher Herkunft ihre Kreativit\u00e4t in einem offenen [&hellip;]<\/p>\n","protected":false},"author":2,"featured_media":0,"parent":0,"menu_order":0,"comment_status":"closed","ping_status":"closed","template":"","meta":{"_et_pb_use_builder":"on","_et_pb_old_content":"<!-- wp:divi\/placeholder \/-->","_et_gb_content_width":"","footnotes":""},"class_list":["post-3891","page","type-page","status-publish","hentry"],"_links":{"self":[{"href":"https:\/\/afropa.org\/index.php\/wp-json\/wp\/v2\/pages\/3891","targetHints":{"allow":["GET"]}}],"collection":[{"href":"https:\/\/afropa.org\/index.php\/wp-json\/wp\/v2\/pages"}],"about":[{"href":"https:\/\/afropa.org\/index.php\/wp-json\/wp\/v2\/types\/page"}],"author":[{"embeddable":true,"href":"https:\/\/afropa.org\/index.php\/wp-json\/wp\/v2\/users\/2"}],"replies":[{"embeddable":true,"href":"https:\/\/afropa.org\/index.php\/wp-json\/wp\/v2\/comments?post=3891"}],"version-history":[{"count":10,"href":"https:\/\/afropa.org\/index.php\/wp-json\/wp\/v2\/pages\/3891\/revisions"}],"predecessor-version":[{"id":3918,"href":"https:\/\/afropa.org\/index.php\/wp-json\/wp\/v2\/pages\/3891\/revisions\/3918"}],"wp:attachment":[{"href":"https:\/\/afropa.org\/index.php\/wp-json\/wp\/v2\/media?parent=3891"}],"curies":[{"name":"wp","href":"https:\/\/api.w.org\/{rel}","templated":true}]}}