{"id":873,"date":"2023-01-26T16:26:31","date_gmt":"2023-01-26T15:26:31","guid":{"rendered":"https:\/\/afropa.org\/?page_id=873"},"modified":"2024-10-02T10:05:16","modified_gmt":"2024-10-02T10:05:16","slug":"spenden","status":"publish","type":"page","link":"https:\/\/afropa.org\/index.php\/spenden\/","title":{"rendered":"Spenden"},"content":{"rendered":"<p>[et_pb_section fb_built=&#8220;1&#8243; _builder_version=&#8220;4.16&#8243; _module_preset=&#8220;default&#8220; background_image=&#8220;https:\/\/afropa.org\/wp-content\/uploads\/2023\/01\/elementos-web-2-20-300&#215;176.png&#8220; parallax=&#8220;on&#8220; custom_padding=&#8220;75px||75px|||&#8220; global_colors_info=&#8220;{}&#8220;][et_pb_row _builder_version=&#8220;4.16&#8243; _module_preset=&#8220;default&#8220; global_colors_info=&#8220;{}&#8220;][et_pb_column type=&#8220;4_4&#8243; _builder_version=&#8220;4.16&#8243; _module_preset=&#8220;default&#8220; global_colors_info=&#8220;{}&#8220;][et_pb_image src=&#8220;https:\/\/afropa.org\/wp-content\/uploads\/2023\/11\/elementos-web-spenden-15.png&#8220; title_text=&#8220;elementos web &#8211; spenden-15&#8243; _builder_version=&#8220;4.16&#8243; _module_preset=&#8220;default&#8220; transform_scale=&#8220;74%|74%&#8220; global_colors_info=&#8220;{}&#8220;][\/et_pb_image][\/et_pb_column][\/et_pb_row][\/et_pb_section][et_pb_section fb_built=&#8220;1&#8243; admin_label=&#8220;spenden text&#8220; _builder_version=&#8220;4.16&#8243; _module_preset=&#8220;default&#8220; global_colors_info=&#8220;{}&#8220;][et_pb_row _builder_version=&#8220;4.16&#8243; _module_preset=&#8220;default&#8220; global_colors_info=&#8220;{}&#8220;][et_pb_column type=&#8220;4_4&#8243; _builder_version=&#8220;4.16&#8243; _module_preset=&#8220;default&#8220; global_colors_info=&#8220;{}&#8220;][et_pb_text _builder_version=&#8220;4.16&#8243; _module_preset=&#8220;default&#8220; global_colors_info=&#8220;{}&#8220;]<\/p>\n<p>Wir setzen auf Ihre Gro\u00dfz\u00fcgigkeit und laden Sie ein, sich aktiv in unserem Verein zu engagieren. Ihr Beitrag ist wichtig, um unsere vielf\u00e4ltigen Projekte erfolgreich umzusetzen. Beteiligen Sie sich aktiv an unseren Initiativen, deren Ziel es ist, Br\u00fccken zwischen den Kulturen zu bauen und ein gemeinschaftliches Miteinander zu f\u00f6rdern.<\/p>\n<p>Bitte unterst\u00fctzen Sie unsere Arbeit durch Ihre Spende. Sie k\u00f6nnen das ganz einfach tun, indem Sie auf den Spenden-Button klicken.<\/p>\n<p>Innerhalb von PayPal k\u00f6nnen Sie auch bequem per Debit- oder Kreditkarte zahlen, auch ohne ein PayPal-Konto zu besitzen.<\/p>\n<p>Falls Sie eine direkte \u00dcberweisung bevorzugen, finden Sie unsere Bankverbindung hier unterhalb des Buttons angegeben.<\/p>\n<p>&nbsp;<\/p>\n<p style=\"text-align: justify;\"><span><\/span><\/p>\n<p>[\/et_pb_text][\/et_pb_column][\/et_pb_row][et_pb_row _builder_version=&#8220;4.16&#8243; _module_preset=&#8220;default&#8220; global_colors_info=&#8220;{}&#8220;][et_pb_column type=&#8220;4_4&#8243; _builder_version=&#8220;4.16&#8243; _module_preset=&#8220;default&#8220; global_colors_info=&#8220;{}&#8220;][et_pb_button button_url=&#8220;https:\/\/paypal.me\/afropaev&#8220; url_new_window=&#8220;on&#8220; button_text=&#8220;Spenden mit Paypal&#8220; button_alignment=&#8220;center&#8220; _builder_version=&#8220;4.25.1&#8243; _module_preset=&#8220;default&#8220; custom_button=&#8220;on&#8220; button_text_color=&#8220;#f19c3e&#8220; button_bg_color=&#8220;rgba(0,0,0,0)&#8220; button_icon=&#8220;&#xe030;||divi||400&#8243; global_colors_info=&#8220;{}&#8220;][\/et_pb_button][\/et_pb_column][\/et_pb_row][et_pb_row _builder_version=&#8220;4.16&#8243; _module_preset=&#8220;default&#8220; global_colors_info=&#8220;{}&#8220;][et_pb_column type=&#8220;4_4&#8243; _builder_version=&#8220;4.16&#8243; _module_preset=&#8220;default&#8220; global_colors_info=&#8220;{}&#8220;][et_pb_text _builder_version=&#8220;4.16&#8243; _module_preset=&#8220;default&#8220; global_colors_info=&#8220;{}&#8220;]<\/p>\n<p><span style=\"color: #f19c3e;\"><strong>Bankverbindung<\/strong><br \/><span>Afropa e.V.<\/span><br \/><span>Volksbank Dresden-Bautzen eG<\/span><br \/><span>IBAN: DE78850900003566321008<\/span><br \/><span>BIC: GENODEF1DRS<\/span><br \/><\/span><\/p>\n<p>[\/et_pb_text][\/et_pb_column][\/et_pb_row][\/et_pb_section]<\/p>\n","protected":false},"excerpt":{"rendered":"<p>Wir setzen auf Ihre Gro\u00dfz\u00fcgigkeit und laden Sie ein, sich aktiv in unserem Verein zu engagieren. Ihr Beitrag ist wichtig, um unsere vielf\u00e4ltigen Projekte erfolgreich umzusetzen. Beteiligen Sie sich aktiv [&hellip;]<\/p>\n","protected":false},"author":2,"featured_media":657,"parent":0,"menu_order":0,"comment_status":"closed","ping_status":"closed","template":"","meta":{"_et_pb_use_builder":"on","_et_pb_old_content":"","_et_gb_content_width":"","footnotes":""},"class_list":["post-873","page","type-page","status-publish","has-post-thumbnail","hentry"],"_links":{"self":[{"href":"https:\/\/afropa.org\/index.php\/wp-json\/wp\/v2\/pages\/873","targetHints":{"allow":["GET"]}}],"collection":[{"href":"https:\/\/afropa.org\/index.php\/wp-json\/wp\/v2\/pages"}],"about":[{"href":"https:\/\/afropa.org\/index.php\/wp-json\/wp\/v2\/types\/page"}],"author":[{"embeddable":true,"href":"https:\/\/afropa.org\/index.php\/wp-json\/wp\/v2\/users\/2"}],"replies":[{"embeddable":true,"href":"https:\/\/afropa.org\/index.php\/wp-json\/wp\/v2\/comments?post=873"}],"version-history":[{"count":5,"href":"https:\/\/afropa.org\/index.php\/wp-json\/wp\/v2\/pages\/873\/revisions"}],"predecessor-version":[{"id":3144,"href":"https:\/\/afropa.org\/index.php\/wp-json\/wp\/v2\/pages\/873\/revisions\/3144"}],"wp:featuredmedia":[{"embeddable":true,"href":"https:\/\/afropa.org\/index.php\/wp-json\/"}],"wp:attachment":[{"href":"https:\/\/afropa.org\/index.php\/wp-json\/wp\/v2\/media?parent=873"}],"curies":[{"name":"wp","href":"https:\/\/api.w.org\/{rel}","templated":true}]}}