{"id":917,"date":"2023-01-26T22:42:38","date_gmt":"2023-01-26T21:42:38","guid":{"rendered":"https:\/\/afropa.org\/?page_id=917"},"modified":"2025-06-16T10:43:15","modified_gmt":"2025-06-16T08:43:15","slug":"cafe","status":"publish","type":"page","link":"https:\/\/afropa.org\/index.php\/cafe\/","title":{"rendered":"Caf\u00e9"},"content":{"rendered":"<p>[et_pb_section fb_built=&#8220;1&#8243; _builder_version=&#8220;4.16&#8243; _module_preset=&#8220;default&#8220; background_image=&#8220;https:\/\/afropa.org\/wp-content\/uploads\/2023\/01\/weltclub-cafe-backg-23-300&#215;176.png&#8220; custom_padding=&#8220;75px||75px|||&#8220; global_colors_info=&#8220;{}&#8220;][et_pb_row _builder_version=&#8220;4.16&#8243; _module_preset=&#8220;default&#8220; custom_padding=&#8220;70px|||||&#8220; global_colors_info=&#8220;{}&#8220;][et_pb_column type=&#8220;4_4&#8243; _builder_version=&#8220;4.16&#8243; _module_preset=&#8220;default&#8220; global_colors_info=&#8220;{}&#8220;][et_pb_image src=&#8220;https:\/\/afropa.org\/wp-content\/uploads\/2023\/11\/elementos-web-weltclub-cafe-16.png&#8220; title_text=&#8220;elementos web &#8211; weltclub cafe-16&#8243; _builder_version=&#8220;4.16&#8243; _module_preset=&#8220;default&#8220; transform_scale=&#8220;74%|74%&#8220; global_colors_info=&#8220;{}&#8220;][\/et_pb_image][\/et_pb_column][\/et_pb_row][\/et_pb_section][et_pb_section fb_built=&#8220;1&#8243; specialty=&#8220;on&#8220; _builder_version=&#8220;4.16&#8243; _module_preset=&#8220;default&#8220; global_colors_info=&#8220;{}&#8220;][et_pb_column type=&#8220;1_2&#8243; _builder_version=&#8220;4.16&#8243; custom_padding=&#8220;|||&#8220; global_colors_info=&#8220;{}&#8220; custom_padding__hover=&#8220;|||&#8220;][et_pb_text _builder_version=&#8220;4.16&#8243; _module_preset=&#8220;default&#8220; global_colors_info=&#8220;{}&#8220;]<\/p>\n<h1 style=\"text-align: center;\">Caf\u00e9<\/h1>\n<p>[\/et_pb_text][et_pb_text _builder_version=&#8220;4.16&#8243; _module_preset=&#8220;default&#8220; global_colors_info=&#8220;{}&#8220;]<\/p>\n<p style=\"text-align: center;\">Herzlich willkommen im Weltclub Caf\u00e9,<\/p>\n<p style=\"text-align: justify;\">Kommen Sie und genie\u00dfen Sie einen leckeren Kaffee und erfrischende Getr\u00e4nke, wir haben auch Tischspiele und Wifi, wir bieten einen komfortablen und sicheren Raum f\u00fcr alle.<\/p>\n<p>[\/et_pb_text][\/et_pb_column][et_pb_column type=&#8220;1_2&#8243; specialty_columns=&#8220;2&#8243; _builder_version=&#8220;4.16&#8243; custom_padding=&#8220;|||&#8220; global_colors_info=&#8220;{}&#8220; custom_padding__hover=&#8220;|||&#8220;][et_pb_row_inner _builder_version=&#8220;4.16&#8243; _module_preset=&#8220;default&#8220; global_colors_info=&#8220;{}&#8220;][et_pb_column_inner saved_specialty_column_type=&#8220;1_2&#8243; _builder_version=&#8220;4.16&#8243; _module_preset=&#8220;default&#8220; global_colors_info=&#8220;{}&#8220;][et_pb_text _builder_version=&#8220;4.16&#8243; _module_preset=&#8220;default&#8220; global_colors_info=&#8220;{}&#8220;]<\/p>\n<h4 style=\"text-align: center;\"><span>\ud83d\udd52<\/span><\/h4>\n<p style=\"text-align: center;\"><strong>\u00d6ffnungszeit:<\/strong><\/p>\n<p style=\"text-align: center;\"><span style=\"font-size: 17px;\"><\/span><\/p>\n<p style=\"text-align: center;\"><span style=\"font-size: 17px;\">Freitags 17:00-23:00 Uhr<\/span><\/p>\n<p style=\"text-align: center;\"><span style=\"font-size: 17px;\">Samstags\u00a0<span> 17:00-23:00 Uhr<\/span><\/span><span style=\"font-size: 17px;\"><span><\/span><\/span><\/p>\n<p>[\/et_pb_text][\/et_pb_column_inner][\/et_pb_row_inner][\/et_pb_column][\/et_pb_section]<\/p>\n","protected":false},"excerpt":{"rendered":"<p>Caf\u00e9Herzlich willkommen im Weltclub Caf\u00e9, Kommen Sie und genie\u00dfen Sie einen leckeren Kaffee und erfrischende Getr\u00e4nke, wir haben auch Tischspiele und Wifi, wir bieten einen komfortablen und sicheren Raum f\u00fcr [&hellip;]<\/p>\n","protected":false},"author":2,"featured_media":657,"parent":0,"menu_order":0,"comment_status":"closed","ping_status":"closed","template":"","meta":{"_et_pb_use_builder":"on","_et_pb_old_content":"","_et_gb_content_width":"","footnotes":""},"class_list":["post-917","page","type-page","status-publish","has-post-thumbnail","hentry"],"_links":{"self":[{"href":"https:\/\/afropa.org\/index.php\/wp-json\/wp\/v2\/pages\/917","targetHints":{"allow":["GET"]}}],"collection":[{"href":"https:\/\/afropa.org\/index.php\/wp-json\/wp\/v2\/pages"}],"about":[{"href":"https:\/\/afropa.org\/index.php\/wp-json\/wp\/v2\/types\/page"}],"author":[{"embeddable":true,"href":"https:\/\/afropa.org\/index.php\/wp-json\/wp\/v2\/users\/2"}],"replies":[{"embeddable":true,"href":"https:\/\/afropa.org\/index.php\/wp-json\/wp\/v2\/comments?post=917"}],"version-history":[{"count":2,"href":"https:\/\/afropa.org\/index.php\/wp-json\/wp\/v2\/pages\/917\/revisions"}],"predecessor-version":[{"id":4181,"href":"https:\/\/afropa.org\/index.php\/wp-json\/wp\/v2\/pages\/917\/revisions\/4181"}],"wp:featuredmedia":[{"embeddable":true,"href":"https:\/\/afropa.org\/index.php\/wp-json\/"}],"wp:attachment":[{"href":"https:\/\/afropa.org\/index.php\/wp-json\/wp\/v2\/media?parent=917"}],"curies":[{"name":"wp","href":"https:\/\/api.w.org\/{rel}","templated":true}]}}